{"id":156,"date":"2022-07-30T03:57:00","date_gmt":"2022-07-30T03:57:00","guid":{"rendered":"https:\/\/metalurgicaroni.com.br\/?page_id=156"},"modified":"2023-06-29T12:26:58","modified_gmt":"2023-06-29T12:26:58","slug":"estruturas-metalicas","status":"publish","type":"page","link":"https:\/\/metalurgicaroni.com.br\/?page_id=156","title":{"rendered":"Estruturas Met\u00e1licas"},"content":{"rendered":"\t\t<div data-elementor-type=\"wp-page\" data-elementor-id=\"156\" class=\"elementor elementor-156\">\n\t\t\t\t\t\t\t\t\t<section class=\"elementor-section elementor-top-section elementor-element elementor-element-7f22026f elementor-section-boxed elementor-section-height-default elementor-section-height-default\" data-id=\"7f22026f\" data-element_type=\"section\">\n\t\t\t\t\t\t<div class=\"elementor-container elementor-column-gap-default\">\n\t\t\t\t\t<div class=\"elementor-column elementor-col-100 elementor-top-column elementor-element elementor-element-4ff65be\" data-id=\"4ff65be\" data-element_type=\"column\">\n\t\t\t<div class=\"elementor-widget-wrap elementor-element-populated\">\n\t\t\t\t\t\t\t\t<div class=\"elementor-element elementor-element-66ea86b elementor-widget elementor-widget-video\" data-id=\"66ea86b\" data-element_type=\"widget\" data-settings=\"{&quot;video_type&quot;:&quot;hosted&quot;,&quot;loop&quot;:&quot;yes&quot;,&quot;autoplay&quot;:&quot;yes&quot;,&quot;play_on_mobile&quot;:&quot;yes&quot;}\" data-widget_type=\"video.default\">\n\t\t\t\t<div class=\"elementor-widget-container\">\n\t\t\t<style>\/*! elementor - v3.14.0 - 18-06-2023 *\/\n.elementor-widget-video .elementor-widget-container{overflow:hidden;transform:translateZ(0)}.elementor-widget-video .elementor-wrapper{aspect-ratio:var(--video-aspect-ratio)}.elementor-widget-video .elementor-wrapper iframe,.elementor-widget-video .elementor-wrapper video{height:100%;width:100%;display:flex;border:none;background-color:#000}@supports not (aspect-ratio:1\/1){.elementor-widget-video .elementor-wrapper{position:relative;overflow:hidden;height:0;padding-bottom:calc(100% \/ var(--video-aspect-ratio))}.elementor-widget-video .elementor-wrapper iframe,.elementor-widget-video .elementor-wrapper video{position:absolute;top:0;right:0;bottom:0;left:0}}.elementor-widget-video .elementor-open-inline .elementor-custom-embed-image-overlay{position:absolute;top:0;left:0;width:100%;height:100%;background-size:cover;background-position:50%}.elementor-widget-video .elementor-custom-embed-image-overlay{cursor:pointer;text-align:center}.elementor-widget-video .elementor-custom-embed-image-overlay:hover .elementor-custom-embed-play i{opacity:1}.elementor-widget-video .elementor-custom-embed-image-overlay img{display:block;width:100%}.elementor-widget-video .e-hosted-video .elementor-video{-o-object-fit:cover;object-fit:cover}.e-con-inner>.elementor-widget-video,.e-con>.elementor-widget-video{width:var(--container-widget-width);--flex-grow:var(--container-widget-flex-grow)}<\/style>\t\t<div class=\"e-hosted-video elementor-wrapper elementor-open-inline\">\n\t\t\t\t\t<video class=\"elementor-video\" src=\"http:\/\/metalurgicaroni.com.br\/wp-content\/uploads\/2023\/06\/WhatsApp-Video-2023-06-29-at-08.50.54.mp4\" autoplay=\"\" loop=\"\" playsinline=\"\" controlsList=\"nodownload\"><\/video>\n\t\t\t\t<\/div>\n\t\t\t\t<\/div>\n\t\t\t\t<\/div>\n\t\t\t\t<div class=\"elementor-element elementor-element-5321ae7 elementor-widget elementor-widget-heading\" data-id=\"5321ae7\" data-element_type=\"widget\" data-widget_type=\"heading.default\">\n\t\t\t\t<div class=\"elementor-widget-container\">\n\t\t\t<style>\/*! elementor - v3.14.0 - 18-06-2023 *\/\n.elementor-heading-title{padding:0;margin:0;line-height:1}.elementor-widget-heading .elementor-heading-title[class*=elementor-size-]>a{color:inherit;font-size:inherit;line-height:inherit}.elementor-widget-heading .elementor-heading-title.elementor-size-small{font-size:15px}.elementor-widget-heading .elementor-heading-title.elementor-size-medium{font-size:19px}.elementor-widget-heading .elementor-heading-title.elementor-size-large{font-size:29px}.elementor-widget-heading .elementor-heading-title.elementor-size-xl{font-size:39px}.elementor-widget-heading .elementor-heading-title.elementor-size-xxl{font-size:59px}<\/style><h2 class=\"elementor-heading-title elementor-size-default\">Estruturas Met\u00e1licas<\/h2>\t\t<\/div>\n\t\t\t\t<\/div>\n\t\t\t\t<div class=\"elementor-element elementor-element-40d8add8 elementor-widget elementor-widget-text-editor\" data-id=\"40d8add8\" data-element_type=\"widget\" data-widget_type=\"text-editor.default\">\n\t\t\t\t<div class=\"elementor-widget-container\">\n\t\t\t<style>\/*! elementor - v3.14.0 - 18-06-2023 *\/\n.elementor-widget-text-editor.elementor-drop-cap-view-stacked .elementor-drop-cap{background-color:#69727d;color:#fff}.elementor-widget-text-editor.elementor-drop-cap-view-framed .elementor-drop-cap{color:#69727d;border:3px solid;background-color:transparent}.elementor-widget-text-editor:not(.elementor-drop-cap-view-default) .elementor-drop-cap{margin-top:8px}.elementor-widget-text-editor:not(.elementor-drop-cap-view-default) .elementor-drop-cap-letter{width:1em;height:1em}.elementor-widget-text-editor .elementor-drop-cap{float:left;text-align:center;line-height:1;font-size:50px}.elementor-widget-text-editor .elementor-drop-cap-letter{display:inline-block}<\/style>\t\t\t\t<p><!-- wp:paragraph --><\/p>\n<p>Projetamos, fabricamos e instalamos estruturas met\u00e1licas de m\u00e9dio e grande porte para constru\u00e7\u00f5es comerciais, industriais e residenciais.<\/p>\n<p><!-- \/wp:gallery --><\/p>\t\t\t\t\t\t<\/div>\n\t\t\t\t<\/div>\n\t\t\t\t<div class=\"elementor-element elementor-element-9778741 gallery-spacing-custom elementor-widget elementor-widget-image-gallery\" data-id=\"9778741\" data-element_type=\"widget\" data-widget_type=\"image-gallery.default\">\n\t\t\t\t<div class=\"elementor-widget-container\">\n\t\t\t<style>\/*! elementor - v3.14.0 - 18-06-2023 *\/\n.elementor-image-gallery .gallery-item{display:inline-block;text-align:center;vertical-align:top;width:100%;max-width:100%;margin:0 auto}.elementor-image-gallery .gallery-item img{margin:0 auto}.elementor-image-gallery .gallery-item .gallery-caption{margin:0}.elementor-image-gallery figure img{display:block}.elementor-image-gallery figure figcaption{width:100%}.gallery-spacing-custom .elementor-image-gallery .gallery-icon{padding:0}@media (min-width:768px){.elementor-image-gallery .gallery-columns-2 .gallery-item{max-width:50%}.elementor-image-gallery .gallery-columns-3 .gallery-item{max-width:33.33%}.elementor-image-gallery .gallery-columns-4 .gallery-item{max-width:25%}.elementor-image-gallery .gallery-columns-5 .gallery-item{max-width:20%}.elementor-image-gallery .gallery-columns-6 .gallery-item{max-width:16.666%}.elementor-image-gallery .gallery-columns-7 .gallery-item{max-width:14.28%}.elementor-image-gallery .gallery-columns-8 .gallery-item{max-width:12.5%}.elementor-image-gallery .gallery-columns-9 .gallery-item{max-width:11.11%}.elementor-image-gallery .gallery-columns-10 .gallery-item{max-width:10%}}@media (min-width:480px) and (max-width:767px){.elementor-image-gallery .gallery.gallery-columns-2 .gallery-item,.elementor-image-gallery .gallery.gallery-columns-3 .gallery-item,.elementor-image-gallery .gallery.gallery-columns-4 .gallery-item,.elementor-image-gallery .gallery.gallery-columns-5 .gallery-item,.elementor-image-gallery .gallery.gallery-columns-6 .gallery-item,.elementor-image-gallery .gallery.gallery-columns-7 .gallery-item,.elementor-image-gallery .gallery.gallery-columns-8 .gallery-item,.elementor-image-gallery .gallery.gallery-columns-9 .gallery-item,.elementor-image-gallery .gallery.gallery-columns-10 .gallery-item{max-width:50%}}@media (max-width:479px){.elementor-image-gallery .gallery.gallery-columns-2 .gallery-item,.elementor-image-gallery .gallery.gallery-columns-3 .gallery-item,.elementor-image-gallery .gallery.gallery-columns-4 .gallery-item,.elementor-image-gallery .gallery.gallery-columns-5 .gallery-item,.elementor-image-gallery .gallery.gallery-columns-6 .gallery-item,.elementor-image-gallery .gallery.gallery-columns-7 .gallery-item,.elementor-image-gallery .gallery.gallery-columns-8 .gallery-item,.elementor-image-gallery .gallery.gallery-columns-9 .gallery-item,.elementor-image-gallery .gallery.gallery-columns-10 .gallery-item{max-width:100%}}<\/style>\t\t<div class=\"elementor-image-gallery\">\n\t\t\t\n\t\t<style type=\"text\/css\">\n\t\t\t#gallery-1 {\n\t\t\t\tmargin: auto;\n\t\t\t}\n\t\t\t#gallery-1 .gallery-item {\n\t\t\t\tfloat: left;\n\t\t\t\tmargin-top: 10px;\n\t\t\t\ttext-align: center;\n\t\t\t\twidth: 100%;\n\t\t\t}\n\t\t\t#gallery-1 img {\n\t\t\t\tborder: 2px solid #cfcfcf;\n\t\t\t}\n\t\t\t#gallery-1 .gallery-caption {\n\t\t\t\tmargin-left: 0;\n\t\t\t}\n\t\t\t\/* see gallery_shortcode() in wp-includes\/media.php *\/\n\t\t<\/style>\n\t\t<div id='gallery-1' class='gallery galleryid-156 gallery-columns-1 gallery-size-hestia-blog'><dl class='gallery-item'>\n\t\t\t<dt class='gallery-icon landscape'>\n\t\t\t\t<a data-elementor-open-lightbox=\"yes\" data-elementor-lightbox-slideshow=\"9778741\" data-elementor-lightbox-title=\"1 (3)\" data-e-action-hash=\"#elementor-action%3Aaction%3Dlightbox%26settings%3DeyJpZCI6OTYwLCJ1cmwiOiJodHRwczpcL1wvbWV0YWx1cmdpY2Fyb25pLmNvbS5iclwvd3AtY29udGVudFwvdXBsb2Fkc1wvMjAyM1wvMDZcLzEtMy5qcGVnIiwic2xpZGVzaG93IjoiOTc3ODc0MSJ9\" href='https:\/\/metalurgicaroni.com.br\/wp-content\/uploads\/2023\/06\/1-3.jpeg'><img width=\"360\" height=\"240\" src=\"https:\/\/metalurgicaroni.com.br\/wp-content\/uploads\/2023\/06\/1-3-360x240.jpeg\" class=\"attachment-hestia-blog size-hestia-blog\" alt=\"\" loading=\"lazy\" \/><\/a>\n\t\t\t<\/dt><\/dl><br style=\"clear: both\" \/><dl class='gallery-item'>\n\t\t\t<dt class='gallery-icon landscape'>\n\t\t\t\t<a data-elementor-open-lightbox=\"yes\" data-elementor-lightbox-slideshow=\"9778741\" data-elementor-lightbox-title=\"2-1\" data-e-action-hash=\"#elementor-action%3Aaction%3Dlightbox%26settings%3DeyJpZCI6ODgwLCJ1cmwiOiJodHRwczpcL1wvbWV0YWx1cmdpY2Fyb25pLmNvbS5iclwvd3AtY29udGVudFwvdXBsb2Fkc1wvMjAyM1wvMDZcLzItMS1zY2FsZWQuanBnIiwic2xpZGVzaG93IjoiOTc3ODc0MSJ9\" href='https:\/\/metalurgicaroni.com.br\/wp-content\/uploads\/2023\/06\/2-1-scaled.jpg'><img width=\"360\" height=\"240\" src=\"https:\/\/metalurgicaroni.com.br\/wp-content\/uploads\/2023\/06\/2-1-360x240.jpg\" class=\"attachment-hestia-blog size-hestia-blog\" alt=\"\" loading=\"lazy\" \/><\/a>\n\t\t\t<\/dt><\/dl><br style=\"clear: both\" \/><dl class='gallery-item'>\n\t\t\t<dt class='gallery-icon landscape'>\n\t\t\t\t<a data-elementor-open-lightbox=\"yes\" data-elementor-lightbox-slideshow=\"9778741\" data-elementor-lightbox-title=\"AA\" data-e-action-hash=\"#elementor-action%3Aaction%3Dlightbox%26settings%3DeyJpZCI6OTU5LCJ1cmwiOiJodHRwczpcL1wvbWV0YWx1cmdpY2Fyb25pLmNvbS5iclwvd3AtY29udGVudFwvdXBsb2Fkc1wvMjAyM1wvMDZcL0FBLXNjYWxlZC5qcGciLCJzbGlkZXNob3ciOiI5Nzc4NzQxIn0%3D\" href='https:\/\/metalurgicaroni.com.br\/wp-content\/uploads\/2023\/06\/AA-scaled.jpg'><img width=\"360\" height=\"240\" src=\"https:\/\/metalurgicaroni.com.br\/wp-content\/uploads\/2023\/06\/AA-360x240.jpg\" class=\"attachment-hestia-blog size-hestia-blog\" alt=\"\" loading=\"lazy\" \/><\/a>\n\t\t\t<\/dt><\/dl><br style=\"clear: both\" \/><dl class='gallery-item'>\n\t\t\t<dt class='gallery-icon landscape'>\n\t\t\t\t<a data-elementor-open-lightbox=\"yes\" data-elementor-lightbox-slideshow=\"9778741\" data-elementor-lightbox-title=\"WhatsApp Image 2023-06-21 at 22.07.51 (2)\" data-e-action-hash=\"#elementor-action%3Aaction%3Dlightbox%26settings%3DeyJpZCI6OTY3LCJ1cmwiOiJodHRwczpcL1wvbWV0YWx1cmdpY2Fyb25pLmNvbS5iclwvd3AtY29udGVudFwvdXBsb2Fkc1wvMjAyM1wvMDZcL1doYXRzQXBwLUltYWdlLTIwMjMtMDYtMjEtYXQtMjIuMDcuNTEtMi0yLmpwZWciLCJzbGlkZXNob3ciOiI5Nzc4NzQxIn0%3D\" href='https:\/\/metalurgicaroni.com.br\/wp-content\/uploads\/2023\/06\/WhatsApp-Image-2023-06-21-at-22.07.51-2-2.jpeg'><img width=\"360\" height=\"240\" src=\"https:\/\/metalurgicaroni.com.br\/wp-content\/uploads\/2023\/06\/WhatsApp-Image-2023-06-21-at-22.07.51-2-2-360x240.jpeg\" class=\"attachment-hestia-blog size-hestia-blog\" alt=\"\" loading=\"lazy\" \/><\/a>\n\t\t\t<\/dt><\/dl><br style=\"clear: both\" \/><dl class='gallery-item'>\n\t\t\t<dt class='gallery-icon landscape'>\n\t\t\t\t<a data-elementor-open-lightbox=\"yes\" data-elementor-lightbox-slideshow=\"9778741\" data-elementor-lightbox-title=\"WhatsApp Image 2023-06-21 at 22.07.51 (1)\" data-e-action-hash=\"#elementor-action%3Aaction%3Dlightbox%26settings%3DeyJpZCI6OTY4LCJ1cmwiOiJodHRwczpcL1wvbWV0YWx1cmdpY2Fyb25pLmNvbS5iclwvd3AtY29udGVudFwvdXBsb2Fkc1wvMjAyM1wvMDZcL1doYXRzQXBwLUltYWdlLTIwMjMtMDYtMjEtYXQtMjIuMDcuNTEtMS0xLmpwZWciLCJzbGlkZXNob3ciOiI5Nzc4NzQxIn0%3D\" href='https:\/\/metalurgicaroni.com.br\/wp-content\/uploads\/2023\/06\/WhatsApp-Image-2023-06-21-at-22.07.51-1-1.jpeg'><img width=\"360\" height=\"240\" src=\"https:\/\/metalurgicaroni.com.br\/wp-content\/uploads\/2023\/06\/WhatsApp-Image-2023-06-21-at-22.07.51-1-1-360x240.jpeg\" class=\"attachment-hestia-blog size-hestia-blog\" alt=\"\" loading=\"lazy\" \/><\/a>\n\t\t\t<\/dt><\/dl><br style=\"clear: both\" \/><dl class='gallery-item'>\n\t\t\t<dt class='gallery-icon landscape'>\n\t\t\t\t<a data-elementor-open-lightbox=\"yes\" data-elementor-lightbox-slideshow=\"9778741\" data-elementor-lightbox-title=\"WhatsApp Image 2023-06-21 at 22.07.51\" data-e-action-hash=\"#elementor-action%3Aaction%3Dlightbox%26settings%3DeyJpZCI6OTY5LCJ1cmwiOiJodHRwczpcL1wvbWV0YWx1cmdpY2Fyb25pLmNvbS5iclwvd3AtY29udGVudFwvdXBsb2Fkc1wvMjAyM1wvMDZcL1doYXRzQXBwLUltYWdlLTIwMjMtMDYtMjEtYXQtMjIuMDcuNTEtMy5qcGVnIiwic2xpZGVzaG93IjoiOTc3ODc0MSJ9\" href='https:\/\/metalurgicaroni.com.br\/wp-content\/uploads\/2023\/06\/WhatsApp-Image-2023-06-21-at-22.07.51-3.jpeg'><img width=\"360\" height=\"240\" src=\"https:\/\/metalurgicaroni.com.br\/wp-content\/uploads\/2023\/06\/WhatsApp-Image-2023-06-21-at-22.07.51-3-360x240.jpeg\" class=\"attachment-hestia-blog size-hestia-blog\" alt=\"\" loading=\"lazy\" \/><\/a>\n\t\t\t<\/dt><\/dl><br style=\"clear: both\" \/><dl class='gallery-item'>\n\t\t\t<dt class='gallery-icon landscape'>\n\t\t\t\t<a data-elementor-open-lightbox=\"yes\" data-elementor-lightbox-slideshow=\"9778741\" data-elementor-lightbox-title=\"WhatsApp-Image-2023-06-20-at-11.02.06-2\" data-e-action-hash=\"#elementor-action%3Aaction%3Dlightbox%26settings%3DeyJpZCI6ODM0LCJ1cmwiOiJodHRwczpcL1wvbWV0YWx1cmdpY2Fyb25pLmNvbS5iclwvd3AtY29udGVudFwvdXBsb2Fkc1wvMjAyM1wvMDZcL1doYXRzQXBwLUltYWdlLTIwMjMtMDYtMjAtYXQtMTEuMDIuMDYtMi5qcGVnIiwic2xpZGVzaG93IjoiOTc3ODc0MSJ9\" href='https:\/\/metalurgicaroni.com.br\/wp-content\/uploads\/2023\/06\/WhatsApp-Image-2023-06-20-at-11.02.06-2.jpeg'><img width=\"360\" height=\"240\" src=\"https:\/\/metalurgicaroni.com.br\/wp-content\/uploads\/2023\/06\/WhatsApp-Image-2023-06-20-at-11.02.06-2-360x240.jpeg\" class=\"attachment-hestia-blog size-hestia-blog\" alt=\"\" loading=\"lazy\" \/><\/a>\n\t\t\t<\/dt><\/dl><br style=\"clear: both\" \/><dl class='gallery-item'>\n\t\t\t<dt class='gallery-icon landscape'>\n\t\t\t\t<a data-elementor-open-lightbox=\"yes\" data-elementor-lightbox-slideshow=\"9778741\" data-elementor-lightbox-title=\"Mig-Atacarejo-4-1024x768\" data-e-action-hash=\"#elementor-action%3Aaction%3Dlightbox%26settings%3DeyJpZCI6OTYyLCJ1cmwiOiJodHRwczpcL1wvbWV0YWx1cmdpY2Fyb25pLmNvbS5iclwvd3AtY29udGVudFwvdXBsb2Fkc1wvMjAyM1wvMDZcL01pZy1BdGFjYXJlam8tNC0xMDI0eDc2OC0yLmpwZWciLCJzbGlkZXNob3ciOiI5Nzc4NzQxIn0%3D\" href='https:\/\/metalurgicaroni.com.br\/wp-content\/uploads\/2023\/06\/Mig-Atacarejo-4-1024x768-2.jpeg'><img width=\"360\" height=\"240\" src=\"https:\/\/metalurgicaroni.com.br\/wp-content\/uploads\/2023\/06\/Mig-Atacarejo-4-1024x768-2-360x240.jpeg\" class=\"attachment-hestia-blog size-hestia-blog\" alt=\"\" loading=\"lazy\" \/><\/a>\n\t\t\t<\/dt><\/dl><br style=\"clear: both\" \/><dl class='gallery-item'>\n\t\t\t<dt class='gallery-icon landscape'>\n\t\t\t\t<a data-elementor-open-lightbox=\"yes\" data-elementor-lightbox-slideshow=\"9778741\" data-elementor-lightbox-title=\"91829782_901567496970716_7978477058894331904_n (1)\" data-e-action-hash=\"#elementor-action%3Aaction%3Dlightbox%26settings%3DeyJpZCI6OTcwLCJ1cmwiOiJodHRwczpcL1wvbWV0YWx1cmdpY2Fyb25pLmNvbS5iclwvd3AtY29udGVudFwvdXBsb2Fkc1wvMjAyM1wvMDZcLzkxODI5NzgyXzkwMTU2NzQ5Njk3MDcxNl83OTc4NDc3MDU4ODk0MzMxOTA0X24tMS5qcGciLCJzbGlkZXNob3ciOiI5Nzc4NzQxIn0%3D\" href='https:\/\/metalurgicaroni.com.br\/wp-content\/uploads\/2023\/06\/91829782_901567496970716_7978477058894331904_n-1.jpg'><img width=\"360\" height=\"240\" src=\"https:\/\/metalurgicaroni.com.br\/wp-content\/uploads\/2023\/06\/91829782_901567496970716_7978477058894331904_n-1-360x240.jpg\" class=\"attachment-hestia-blog size-hestia-blog\" alt=\"\" loading=\"lazy\" \/><\/a>\n\t\t\t<\/dt><\/dl><br style=\"clear: both\" \/><dl class='gallery-item'>\n\t\t\t<dt class='gallery-icon landscape'>\n\t\t\t\t<a data-elementor-open-lightbox=\"yes\" data-elementor-lightbox-slideshow=\"9778741\" data-elementor-lightbox-title=\"Mig-Vila-Nova-1024x576\" data-e-action-hash=\"#elementor-action%3Aaction%3Dlightbox%26settings%3DeyJpZCI6OTYzLCJ1cmwiOiJodHRwczpcL1wvbWV0YWx1cmdpY2Fyb25pLmNvbS5iclwvd3AtY29udGVudFwvdXBsb2Fkc1wvMjAyM1wvMDZcL01pZy1WaWxhLU5vdmEtMTAyNHg1NzYtMi5qcGVnIiwic2xpZGVzaG93IjoiOTc3ODc0MSJ9\" href='https:\/\/metalurgicaroni.com.br\/wp-content\/uploads\/2023\/06\/Mig-Vila-Nova-1024x576-2.jpeg'><img width=\"360\" height=\"240\" src=\"https:\/\/metalurgicaroni.com.br\/wp-content\/uploads\/2023\/06\/Mig-Vila-Nova-1024x576-2-360x240.jpeg\" class=\"attachment-hestia-blog size-hestia-blog\" alt=\"\" loading=\"lazy\" \/><\/a>\n\t\t\t<\/dt><\/dl><br style=\"clear: both\" \/><dl class='gallery-item'>\n\t\t\t<dt class='gallery-icon landscape'>\n\t\t\t\t<a data-elementor-open-lightbox=\"yes\" data-elementor-lightbox-slideshow=\"9778741\" data-elementor-lightbox-title=\"Mig-Vila-Nova-1-1024x768\" data-e-action-hash=\"#elementor-action%3Aaction%3Dlightbox%26settings%3DeyJpZCI6OTY1LCJ1cmwiOiJodHRwczpcL1wvbWV0YWx1cmdpY2Fyb25pLmNvbS5iclwvd3AtY29udGVudFwvdXBsb2Fkc1wvMjAyM1wvMDZcL01pZy1WaWxhLU5vdmEtMS0xMDI0eDc2OC0yLmpwZWciLCJzbGlkZXNob3ciOiI5Nzc4NzQxIn0%3D\" href='https:\/\/metalurgicaroni.com.br\/wp-content\/uploads\/2023\/06\/Mig-Vila-Nova-1-1024x768-2.jpeg'><img width=\"360\" height=\"240\" src=\"https:\/\/metalurgicaroni.com.br\/wp-content\/uploads\/2023\/06\/Mig-Vila-Nova-1-1024x768-2-360x240.jpeg\" class=\"attachment-hestia-blog size-hestia-blog\" alt=\"\" loading=\"lazy\" \/><\/a>\n\t\t\t<\/dt><\/dl><br style=\"clear: both\" \/><dl class='gallery-item'>\n\t\t\t<dt class='gallery-icon landscape'>\n\t\t\t\t<a data-elementor-open-lightbox=\"yes\" data-elementor-lightbox-slideshow=\"9778741\" data-elementor-lightbox-title=\"Mig-Atacarejo-1024x768\" data-e-action-hash=\"#elementor-action%3Aaction%3Dlightbox%26settings%3DeyJpZCI6OTU4LCJ1cmwiOiJodHRwczpcL1wvbWV0YWx1cmdpY2Fyb25pLmNvbS5iclwvd3AtY29udGVudFwvdXBsb2Fkc1wvMjAyM1wvMDZcL01pZy1BdGFjYXJlam8tMTAyNHg3NjgtMS5qcGVnIiwic2xpZGVzaG93IjoiOTc3ODc0MSJ9\" href='https:\/\/metalurgicaroni.com.br\/wp-content\/uploads\/2023\/06\/Mig-Atacarejo-1024x768-1.jpeg'><img width=\"360\" height=\"240\" src=\"https:\/\/metalurgicaroni.com.br\/wp-content\/uploads\/2023\/06\/Mig-Atacarejo-1024x768-1-360x240.jpeg\" class=\"attachment-hestia-blog size-hestia-blog\" alt=\"\" loading=\"lazy\" \/><\/a>\n\t\t\t<\/dt><\/dl><br style=\"clear: both\" \/>\n\t\t<\/div>\n\t\t<\/div>\n\t\t\t\t<\/div>\n\t\t\t\t<\/div>\n\t\t\t\t\t<\/div>\n\t\t<\/div>\n\t\t\t\t\t\t\t<\/div>\n\t\t<\/section>\n\t\t\t\t\t\t\t<\/div>\n\t\t","protected":false},"excerpt":{"rendered":"<p>http:\/\/metalurgicaroni.com.br\/wp-content\/uploads\/2023\/06\/WhatsApp-Video-2023-06-29-at-08.50.54.mp4 Estruturas Met\u00e1licas Projetamos, fabricamos e instalamos estruturas met\u00e1licas de m\u00e9dio e grande porte para constru\u00e7\u00f5es comerciais, industriais e residenciais.<\/p>\n","protected":false},"author":1,"featured_media":0,"parent":0,"menu_order":0,"comment_status":"closed","ping_status":"closed","template":"elementor_header_footer","meta":{"om_disable_all_campaigns":false,"_monsterinsights_skip_tracking":false,"_monsterinsights_sitenote_active":false,"_monsterinsights_sitenote_note":"","_monsterinsights_sitenote_category":0},"aioseo_notices":[],"_links":{"self":[{"href":"https:\/\/metalurgicaroni.com.br\/index.php?rest_route=\/wp\/v2\/pages\/156"}],"collection":[{"href":"https:\/\/metalurgicaroni.com.br\/index.php?rest_route=\/wp\/v2\/pages"}],"about":[{"href":"https:\/\/metalurgicaroni.com.br\/index.php?rest_route=\/wp\/v2\/types\/page"}],"author":[{"embeddable":true,"href":"https:\/\/metalurgicaroni.com.br\/index.php?rest_route=\/wp\/v2\/users\/1"}],"replies":[{"embeddable":true,"href":"https:\/\/metalurgicaroni.com.br\/index.php?rest_route=%2Fwp%2Fv2%2Fcomments&post=156"}],"version-history":[{"count":12,"href":"https:\/\/metalurgicaroni.com.br\/index.php?rest_route=\/wp\/v2\/pages\/156\/revisions"}],"predecessor-version":[{"id":1136,"href":"https:\/\/metalurgicaroni.com.br\/index.php?rest_route=\/wp\/v2\/pages\/156\/revisions\/1136"}],"wp:attachment":[{"href":"https:\/\/metalurgicaroni.com.br\/index.php?rest_route=%2Fwp%2Fv2%2Fmedia&parent=156"}],"curies":[{"name":"wp","href":"https:\/\/api.w.org\/{rel}","templated":true}]}}