{"id":412,"date":"2022-10-10T18:09:48","date_gmt":"2022-10-10T18:09:48","guid":{"rendered":"https:\/\/metalurgicaroni.com.br\/?page_id=412"},"modified":"2023-06-27T18:55:46","modified_gmt":"2023-06-27T18:55:46","slug":"serralheria","status":"publish","type":"page","link":"https:\/\/metalurgicaroni.com.br\/?page_id=412","title":{"rendered":"Serralheria"},"content":{"rendered":"\n<p>Longa experi\u00eancia na fabrica\u00e7\u00e3o de port\u00f5es, grades, escadas, guarda-corpos e diversas estruturas personalizadas.<\/p>\n\n\n\n<figure class=\"wp-container-2 wp-block-gallery-1 wp-block-gallery has-nested-images columns-default is-cropped\">\n<figure class=\"wp-block-image size-large\"><a href=\"https:\/\/metalurgicaroni.com.br\/wp-content\/uploads\/2023\/06\/f8fb62ac-0e90-4a41-a99f-51b9e19f365f.jpg\"><img loading=\"lazy\" width=\"1024\" height=\"576\" data-id=\"854\"  src=\"https:\/\/metalurgicaroni.com.br\/wp-content\/uploads\/2023\/06\/f8fb62ac-0e90-4a41-a99f-51b9e19f365f-1024x576.jpg\" alt=\"\" class=\"wp-image-854\" srcset=\"https:\/\/metalurgicaroni.com.br\/wp-content\/uploads\/2023\/06\/f8fb62ac-0e90-4a41-a99f-51b9e19f365f-1024x576.jpg 1024w, https:\/\/metalurgicaroni.com.br\/wp-content\/uploads\/2023\/06\/f8fb62ac-0e90-4a41-a99f-51b9e19f365f-300x169.jpg 300w, https:\/\/metalurgicaroni.com.br\/wp-content\/uploads\/2023\/06\/f8fb62ac-0e90-4a41-a99f-51b9e19f365f-768x432.jpg 768w, https:\/\/metalurgicaroni.com.br\/wp-content\/uploads\/2023\/06\/f8fb62ac-0e90-4a41-a99f-51b9e19f365f-1536x864.jpg 1536w, https:\/\/metalurgicaroni.com.br\/wp-content\/uploads\/2023\/06\/f8fb62ac-0e90-4a41-a99f-51b9e19f365f.jpg 1600w\" sizes=\"(max-width: 1024px) 100vw, 1024px\" \/><\/a><\/figure>\n\n\n\n<figure class=\"wp-block-image size-large\"><a href=\"https:\/\/metalurgicaroni.com.br\/wp-content\/uploads\/2023\/06\/WhatsApp-Image-2023-06-27-at-12.52.15.jpeg\"><img loading=\"lazy\" width=\"1024\" height=\"1024\" data-id=\"1126\"  src=\"https:\/\/metalurgicaroni.com.br\/wp-content\/uploads\/2023\/06\/WhatsApp-Image-2023-06-27-at-12.52.15-1024x1024.jpeg\" alt=\"\" class=\"wp-image-1126\" srcset=\"https:\/\/metalurgicaroni.com.br\/wp-content\/uploads\/2023\/06\/WhatsApp-Image-2023-06-27-at-12.52.15-1024x1024.jpeg 1024w, https:\/\/metalurgicaroni.com.br\/wp-content\/uploads\/2023\/06\/WhatsApp-Image-2023-06-27-at-12.52.15-300x300.jpeg 300w, https:\/\/metalurgicaroni.com.br\/wp-content\/uploads\/2023\/06\/WhatsApp-Image-2023-06-27-at-12.52.15-150x150.jpeg 150w, https:\/\/metalurgicaroni.com.br\/wp-content\/uploads\/2023\/06\/WhatsApp-Image-2023-06-27-at-12.52.15-768x768.jpeg 768w, https:\/\/metalurgicaroni.com.br\/wp-content\/uploads\/2023\/06\/WhatsApp-Image-2023-06-27-at-12.52.15-1536x1536.jpeg 1536w, https:\/\/metalurgicaroni.com.br\/wp-content\/uploads\/2023\/06\/WhatsApp-Image-2023-06-27-at-12.52.15.jpeg 1544w\" sizes=\"(max-width: 1024px) 100vw, 1024px\" \/><\/a><\/figure>\n\n\n\n<figure class=\"wp-block-image size-full\"><a href=\"https:\/\/metalurgicaroni.com.br\/wp-content\/uploads\/2023\/06\/b2018477-fa66-4ad4-befb-d7e006acc6e2-2.jpg\"><img loading=\"lazy\" width=\"1024\" height=\"576\" data-id=\"855\"  src=\"https:\/\/metalurgicaroni.com.br\/wp-content\/uploads\/2023\/06\/b2018477-fa66-4ad4-befb-d7e006acc6e2-2.jpg\" alt=\"\" class=\"wp-image-855\" srcset=\"https:\/\/metalurgicaroni.com.br\/wp-content\/uploads\/2023\/06\/b2018477-fa66-4ad4-befb-d7e006acc6e2-2.jpg 1024w, https:\/\/metalurgicaroni.com.br\/wp-content\/uploads\/2023\/06\/b2018477-fa66-4ad4-befb-d7e006acc6e2-2-300x169.jpg 300w, https:\/\/metalurgicaroni.com.br\/wp-content\/uploads\/2023\/06\/b2018477-fa66-4ad4-befb-d7e006acc6e2-2-768x432.jpg 768w\" sizes=\"(max-width: 1024px) 100vw, 1024px\" \/><\/a><\/figure>\n\n\n\n<figure class=\"wp-block-image size-full\"><a href=\"https:\/\/metalurgicaroni.com.br\/wp-content\/uploads\/2023\/06\/440c08b9-3f7d-4436-bcec-d8cb1965505a-1.jpg\"><img loading=\"lazy\" width=\"576\" height=\"1024\" data-id=\"856\"  src=\"https:\/\/metalurgicaroni.com.br\/wp-content\/uploads\/2023\/06\/440c08b9-3f7d-4436-bcec-d8cb1965505a-1.jpg\" alt=\"\" class=\"wp-image-856\" srcset=\"https:\/\/metalurgicaroni.com.br\/wp-content\/uploads\/2023\/06\/440c08b9-3f7d-4436-bcec-d8cb1965505a-1.jpg 576w, https:\/\/metalurgicaroni.com.br\/wp-content\/uploads\/2023\/06\/440c08b9-3f7d-4436-bcec-d8cb1965505a-1-169x300.jpg 169w\" sizes=\"(max-width: 576px) 100vw, 576px\" \/><\/a><\/figure>\n\n\n\n<figure class=\"wp-block-image size-full\"><a href=\"https:\/\/metalurgicaroni.com.br\/wp-content\/uploads\/2023\/06\/9019a721-b276-4021-9a77-89279b129f99.jpg\"><img loading=\"lazy\" width=\"1024\" height=\"576\" data-id=\"857\"  src=\"https:\/\/metalurgicaroni.com.br\/wp-content\/uploads\/2023\/06\/9019a721-b276-4021-9a77-89279b129f99.jpg\" alt=\"\" class=\"wp-image-857\" srcset=\"https:\/\/metalurgicaroni.com.br\/wp-content\/uploads\/2023\/06\/9019a721-b276-4021-9a77-89279b129f99.jpg 1024w, https:\/\/metalurgicaroni.com.br\/wp-content\/uploads\/2023\/06\/9019a721-b276-4021-9a77-89279b129f99-300x169.jpg 300w, https:\/\/metalurgicaroni.com.br\/wp-content\/uploads\/2023\/06\/9019a721-b276-4021-9a77-89279b129f99-768x432.jpg 768w\" sizes=\"(max-width: 1024px) 100vw, 1024px\" \/><\/a><\/figure>\n\n\n\n<figure class=\"wp-block-image size-full\"><a href=\"https:\/\/metalurgicaroni.com.br\/wp-content\/uploads\/2023\/06\/a4d24bb6-c343-4bfd-9d88-58bdc7ec1239.jpg\"><img loading=\"lazy\" width=\"576\" height=\"1024\" data-id=\"858\"  src=\"https:\/\/metalurgicaroni.com.br\/wp-content\/uploads\/2023\/06\/a4d24bb6-c343-4bfd-9d88-58bdc7ec1239.jpg\" alt=\"\" class=\"wp-image-858\" srcset=\"https:\/\/metalurgicaroni.com.br\/wp-content\/uploads\/2023\/06\/a4d24bb6-c343-4bfd-9d88-58bdc7ec1239.jpg 576w, https:\/\/metalurgicaroni.com.br\/wp-content\/uploads\/2023\/06\/a4d24bb6-c343-4bfd-9d88-58bdc7ec1239-169x300.jpg 169w\" sizes=\"(max-width: 576px) 100vw, 576px\" \/><\/a><\/figure>\n\n\n\n<figure class=\"wp-block-image size-large\"><a href=\"https:\/\/metalurgicaroni.com.br\/wp-content\/uploads\/2022\/10\/WhatsApp-Image-2022-09-07-at-11.24.17-1.jpeg\"><img loading=\"lazy\" width=\"768\" height=\"1024\" data-id=\"413\"  src=\"https:\/\/metalurgicaroni.com.br\/wp-content\/uploads\/2022\/10\/WhatsApp-Image-2022-09-07-at-11.24.17-1-768x1024.jpeg\" alt=\"\" class=\"wp-image-413\" srcset=\"https:\/\/metalurgicaroni.com.br\/wp-content\/uploads\/2022\/10\/WhatsApp-Image-2022-09-07-at-11.24.17-1-768x1024.jpeg 768w, https:\/\/metalurgicaroni.com.br\/wp-content\/uploads\/2022\/10\/WhatsApp-Image-2022-09-07-at-11.24.17-1-225x300.jpeg 225w, https:\/\/metalurgicaroni.com.br\/wp-content\/uploads\/2022\/10\/WhatsApp-Image-2022-09-07-at-11.24.17-1.jpeg 774w\" sizes=\"(max-width: 768px) 100vw, 768px\" \/><\/a><\/figure>\n\n\n\n<figure class=\"wp-block-image size-full\"><a href=\"https:\/\/metalurgicaroni.com.br\/wp-content\/uploads\/2023\/06\/ab20dc5a-8329-4829-abed-65c8a316927f.jpg\"><img loading=\"lazy\" width=\"472\" height=\"973\" data-id=\"874\"  src=\"https:\/\/metalurgicaroni.com.br\/wp-content\/uploads\/2023\/06\/ab20dc5a-8329-4829-abed-65c8a316927f.jpg\" alt=\"\" class=\"wp-image-874\" srcset=\"https:\/\/metalurgicaroni.com.br\/wp-content\/uploads\/2023\/06\/ab20dc5a-8329-4829-abed-65c8a316927f.jpg 472w, https:\/\/metalurgicaroni.com.br\/wp-content\/uploads\/2023\/06\/ab20dc5a-8329-4829-abed-65c8a316927f-146x300.jpg 146w\" sizes=\"(max-width: 472px) 100vw, 472px\" \/><\/a><\/figure>\n\n\n\n<figure class=\"wp-block-image size-large\"><a href=\"https:\/\/metalurgicaroni.com.br\/wp-content\/uploads\/2022\/10\/WhatsApp-Image-2022-09-07-at-11.24.17.jpeg\"><img loading=\"lazy\" width=\"768\" height=\"1024\" data-id=\"422\"  src=\"https:\/\/metalurgicaroni.com.br\/wp-content\/uploads\/2022\/10\/WhatsApp-Image-2022-09-07-at-11.24.17-768x1024.jpeg\" alt=\"\" class=\"wp-image-422\" srcset=\"https:\/\/metalurgicaroni.com.br\/wp-content\/uploads\/2022\/10\/WhatsApp-Image-2022-09-07-at-11.24.17-768x1024.jpeg 768w, https:\/\/metalurgicaroni.com.br\/wp-content\/uploads\/2022\/10\/WhatsApp-Image-2022-09-07-at-11.24.17-225x300.jpeg 225w, https:\/\/metalurgicaroni.com.br\/wp-content\/uploads\/2022\/10\/WhatsApp-Image-2022-09-07-at-11.24.17.jpeg 960w\" sizes=\"(max-width: 768px) 100vw, 768px\" \/><\/a><\/figure>\n\n\n\n<figure class=\"wp-block-image size-large\"><a href=\"https:\/\/metalurgicaroni.com.br\/wp-content\/uploads\/2023\/06\/92daea95-e58e-468d-8467-2fe5e01a1936.jpg\"><img loading=\"lazy\" width=\"1024\" height=\"736\" data-id=\"863\"  src=\"https:\/\/metalurgicaroni.com.br\/wp-content\/uploads\/2023\/06\/92daea95-e58e-468d-8467-2fe5e01a1936-1024x736.jpg\" alt=\"\" class=\"wp-image-863\" srcset=\"https:\/\/metalurgicaroni.com.br\/wp-content\/uploads\/2023\/06\/92daea95-e58e-468d-8467-2fe5e01a1936-1024x736.jpg 1024w, https:\/\/metalurgicaroni.com.br\/wp-content\/uploads\/2023\/06\/92daea95-e58e-468d-8467-2fe5e01a1936-300x216.jpg 300w, https:\/\/metalurgicaroni.com.br\/wp-content\/uploads\/2023\/06\/92daea95-e58e-468d-8467-2fe5e01a1936-768x552.jpg 768w, https:\/\/metalurgicaroni.com.br\/wp-content\/uploads\/2023\/06\/92daea95-e58e-468d-8467-2fe5e01a1936.jpg 1212w\" sizes=\"(max-width: 1024px) 100vw, 1024px\" \/><\/a><\/figure>\n\n\n\n<figure class=\"wp-block-image size-full\"><a href=\"https:\/\/metalurgicaroni.com.br\/wp-content\/uploads\/2023\/06\/a5e911cd-432e-4fd3-b1bb-3569bb8c32ca.jpg\"><img loading=\"lazy\" width=\"960\" height=\"548\" data-id=\"864\"  src=\"https:\/\/metalurgicaroni.com.br\/wp-content\/uploads\/2023\/06\/a5e911cd-432e-4fd3-b1bb-3569bb8c32ca.jpg\" alt=\"\" class=\"wp-image-864\" srcset=\"https:\/\/metalurgicaroni.com.br\/wp-content\/uploads\/2023\/06\/a5e911cd-432e-4fd3-b1bb-3569bb8c32ca.jpg 960w, https:\/\/metalurgicaroni.com.br\/wp-content\/uploads\/2023\/06\/a5e911cd-432e-4fd3-b1bb-3569bb8c32ca-300x171.jpg 300w, https:\/\/metalurgicaroni.com.br\/wp-content\/uploads\/2023\/06\/a5e911cd-432e-4fd3-b1bb-3569bb8c32ca-768x438.jpg 768w\" sizes=\"(max-width: 960px) 100vw, 960px\" \/><\/a><\/figure>\n\n\n\n<figure class=\"wp-block-image size-large\"><a href=\"https:\/\/metalurgicaroni.com.br\/wp-content\/uploads\/2023\/06\/16c72687-d4b6-4095-960c-53150793dfe2-1.jpg\"><img loading=\"lazy\" width=\"1010\" height=\"1024\" data-id=\"865\"  src=\"https:\/\/metalurgicaroni.com.br\/wp-content\/uploads\/2023\/06\/16c72687-d4b6-4095-960c-53150793dfe2-1-1010x1024.jpg\" alt=\"\" class=\"wp-image-865\" srcset=\"https:\/\/metalurgicaroni.com.br\/wp-content\/uploads\/2023\/06\/16c72687-d4b6-4095-960c-53150793dfe2-1-1010x1024.jpg 1010w, https:\/\/metalurgicaroni.com.br\/wp-content\/uploads\/2023\/06\/16c72687-d4b6-4095-960c-53150793dfe2-1-296x300.jpg 296w, https:\/\/metalurgicaroni.com.br\/wp-content\/uploads\/2023\/06\/16c72687-d4b6-4095-960c-53150793dfe2-1-768x779.jpg 768w, https:\/\/metalurgicaroni.com.br\/wp-content\/uploads\/2023\/06\/16c72687-d4b6-4095-960c-53150793dfe2-1.jpg 1087w\" sizes=\"(max-width: 1010px) 100vw, 1010px\" \/><\/a><\/figure>\n\n\n\n<figure class=\"wp-block-image size-large\"><a href=\"https:\/\/metalurgicaroni.com.br\/wp-content\/uploads\/2023\/06\/0086373b-1d08-4cc0-bacc-3ce639e0b3ba-1.jpg\"><img loading=\"lazy\" width=\"720\" height=\"960\" data-id=\"871\"  src=\"https:\/\/metalurgicaroni.com.br\/wp-content\/uploads\/2023\/06\/0086373b-1d08-4cc0-bacc-3ce639e0b3ba-1.jpg\" alt=\"\" class=\"wp-image-871\" srcset=\"https:\/\/metalurgicaroni.com.br\/wp-content\/uploads\/2023\/06\/0086373b-1d08-4cc0-bacc-3ce639e0b3ba-1.jpg 720w, https:\/\/metalurgicaroni.com.br\/wp-content\/uploads\/2023\/06\/0086373b-1d08-4cc0-bacc-3ce639e0b3ba-1-225x300.jpg 225w\" sizes=\"(max-width: 720px) 100vw, 720px\" \/><\/a><\/figure>\n\n\n\n<figure class=\"wp-block-image size-large\"><a href=\"https:\/\/metalurgicaroni.com.br\/wp-content\/uploads\/2023\/06\/e43425fb-fbb5-4acc-913f-208d4608f356-1.jpg\"><img loading=\"lazy\" width=\"720\" height=\"960\" data-id=\"870\"  src=\"https:\/\/metalurgicaroni.com.br\/wp-content\/uploads\/2023\/06\/e43425fb-fbb5-4acc-913f-208d4608f356-1.jpg\" alt=\"\" class=\"wp-image-870\" srcset=\"https:\/\/metalurgicaroni.com.br\/wp-content\/uploads\/2023\/06\/e43425fb-fbb5-4acc-913f-208d4608f356-1.jpg 720w, https:\/\/metalurgicaroni.com.br\/wp-content\/uploads\/2023\/06\/e43425fb-fbb5-4acc-913f-208d4608f356-1-225x300.jpg 225w\" sizes=\"(max-width: 720px) 100vw, 720px\" \/><\/a><\/figure>\n\n\n\n<figure class=\"wp-block-image size-large\"><a href=\"https:\/\/metalurgicaroni.com.br\/wp-content\/uploads\/2023\/06\/b59cb4e9-c4a8-44aa-8490-499cf47de2ab-1.jpg\"><img loading=\"lazy\" width=\"960\" height=\"720\" data-id=\"869\"  src=\"https:\/\/metalurgicaroni.com.br\/wp-content\/uploads\/2023\/06\/b59cb4e9-c4a8-44aa-8490-499cf47de2ab-1.jpg\" alt=\"\" class=\"wp-image-869\" srcset=\"https:\/\/metalurgicaroni.com.br\/wp-content\/uploads\/2023\/06\/b59cb4e9-c4a8-44aa-8490-499cf47de2ab-1.jpg 960w, https:\/\/metalurgicaroni.com.br\/wp-content\/uploads\/2023\/06\/b59cb4e9-c4a8-44aa-8490-499cf47de2ab-1-300x225.jpg 300w, https:\/\/metalurgicaroni.com.br\/wp-content\/uploads\/2023\/06\/b59cb4e9-c4a8-44aa-8490-499cf47de2ab-1-768x576.jpg 768w\" sizes=\"(max-width: 960px) 100vw, 960px\" \/><\/a><\/figure>\n\n\n\n<figure class=\"wp-block-image size-large\"><a href=\"https:\/\/metalurgicaroni.com.br\/wp-content\/uploads\/2023\/06\/d1eab007-599d-45b0-b9a6-6cb92dd9884a-1.jpg\"><img loading=\"lazy\" width=\"576\" height=\"1024\" data-id=\"872\"  src=\"https:\/\/metalurgicaroni.com.br\/wp-content\/uploads\/2023\/06\/d1eab007-599d-45b0-b9a6-6cb92dd9884a-1-576x1024.jpg\" alt=\"\" class=\"wp-image-872\" srcset=\"https:\/\/metalurgicaroni.com.br\/wp-content\/uploads\/2023\/06\/d1eab007-599d-45b0-b9a6-6cb92dd9884a-1-576x1024.jpg 576w, https:\/\/metalurgicaroni.com.br\/wp-content\/uploads\/2023\/06\/d1eab007-599d-45b0-b9a6-6cb92dd9884a-1-169x300.jpg 169w, https:\/\/metalurgicaroni.com.br\/wp-content\/uploads\/2023\/06\/d1eab007-599d-45b0-b9a6-6cb92dd9884a-1-768x1366.jpg 768w, https:\/\/metalurgicaroni.com.br\/wp-content\/uploads\/2023\/06\/d1eab007-599d-45b0-b9a6-6cb92dd9884a-1-864x1536.jpg 864w, https:\/\/metalurgicaroni.com.br\/wp-content\/uploads\/2023\/06\/d1eab007-599d-45b0-b9a6-6cb92dd9884a-1.jpg 899w\" sizes=\"(max-width: 576px) 100vw, 576px\" \/><\/a><\/figure>\n\n\n\n<figure class=\"wp-block-image size-large\"><a href=\"https:\/\/metalurgicaroni.com.br\/wp-content\/uploads\/2023\/06\/WhatsApp-Image-2023-06-21-at-22.07.48-3.jpeg\"><img loading=\"lazy\" width=\"823\" height=\"1024\" data-id=\"873\"  src=\"https:\/\/metalurgicaroni.com.br\/wp-content\/uploads\/2023\/06\/WhatsApp-Image-2023-06-21-at-22.07.48-3-823x1024.jpeg\" alt=\"\" class=\"wp-image-873\" srcset=\"https:\/\/metalurgicaroni.com.br\/wp-content\/uploads\/2023\/06\/WhatsApp-Image-2023-06-21-at-22.07.48-3-823x1024.jpeg 823w, https:\/\/metalurgicaroni.com.br\/wp-content\/uploads\/2023\/06\/WhatsApp-Image-2023-06-21-at-22.07.48-3-241x300.jpeg 241w, https:\/\/metalurgicaroni.com.br\/wp-content\/uploads\/2023\/06\/WhatsApp-Image-2023-06-21-at-22.07.48-3-768x956.jpeg 768w, https:\/\/metalurgicaroni.com.br\/wp-content\/uploads\/2023\/06\/WhatsApp-Image-2023-06-21-at-22.07.48-3.jpeg 1191w\" sizes=\"(max-width: 823px) 100vw, 823px\" \/><\/a><\/figure>\n<\/figure>\n\n\n\n<p><\/p>\n","protected":false},"excerpt":{"rendered":"<p>Longa experi\u00eancia na fabrica\u00e7\u00e3o de port\u00f5es, grades, escadas, guarda-corpos e diversas estruturas personalizadas.<\/p>\n","protected":false},"author":1,"featured_media":0,"parent":0,"menu_order":0,"comment_status":"closed","ping_status":"closed","template":"","meta":{"om_disable_all_campaigns":false,"_monsterinsights_skip_tracking":false,"_monsterinsights_sitenote_active":false,"_monsterinsights_sitenote_note":"","_monsterinsights_sitenote_category":0},"aioseo_notices":[],"_links":{"self":[{"href":"https:\/\/metalurgicaroni.com.br\/index.php?rest_route=\/wp\/v2\/pages\/412"}],"collection":[{"href":"https:\/\/metalurgicaroni.com.br\/index.php?rest_route=\/wp\/v2\/pages"}],"about":[{"href":"https:\/\/metalurgicaroni.com.br\/index.php?rest_route=\/wp\/v2\/types\/page"}],"author":[{"embeddable":true,"href":"https:\/\/metalurgicaroni.com.br\/index.php?rest_route=\/wp\/v2\/users\/1"}],"replies":[{"embeddable":true,"href":"https:\/\/metalurgicaroni.com.br\/index.php?rest_route=%2Fwp%2Fv2%2Fcomments&post=412"}],"version-history":[{"count":5,"href":"https:\/\/metalurgicaroni.com.br\/index.php?rest_route=\/wp\/v2\/pages\/412\/revisions"}],"predecessor-version":[{"id":1127,"href":"https:\/\/metalurgicaroni.com.br\/index.php?rest_route=\/wp\/v2\/pages\/412\/revisions\/1127"}],"wp:attachment":[{"href":"https:\/\/metalurgicaroni.com.br\/index.php?rest_route=%2Fwp%2Fv2%2Fmedia&parent=412"}],"curies":[{"name":"wp","href":"https:\/\/api.w.org\/{rel}","templated":true}]}}